{"id":163,"date":"2020-07-12T10:19:57","date_gmt":"2020-07-12T13:19:57","guid":{"rendered":"https:\/\/www.originalcertificadora.com.br\/?page_id=163"},"modified":"2023-09-21T01:06:05","modified_gmt":"2023-09-21T04:06:05","slug":"documentacao-necessaria","status":"publish","type":"page","link":"https:\/\/projetosweb.art.br\/marcondigital\/documentacao-necessaria\/","title":{"rendered":"Documenta\u00e7\u00e3o Necess\u00e1ria"},"content":{"rendered":"","protected":false},"excerpt":{"rendered":"","protected":false},"author":1,"featured_media":0,"parent":0,"menu_order":0,"comment_status":"closed","ping_status":"closed","template":"","meta":{"footnotes":""},"_links":{"self":[{"href":"https:\/\/projetosweb.art.br\/marcondigital\/wp-json\/wp\/v2\/pages\/163"}],"collection":[{"href":"https:\/\/projetosweb.art.br\/marcondigital\/wp-json\/wp\/v2\/pages"}],"about":[{"href":"https:\/\/projetosweb.art.br\/marcondigital\/wp-json\/wp\/v2\/types\/page"}],"author":[{"embeddable":true,"href":"https:\/\/projetosweb.art.br\/marcondigital\/wp-json\/wp\/v2\/users\/1"}],"replies":[{"embeddable":true,"href":"https:\/\/projetosweb.art.br\/marcondigital\/wp-json\/wp\/v2\/comments?post=163"}],"version-history":[{"count":1,"href":"https:\/\/projetosweb.art.br\/marcondigital\/wp-json\/wp\/v2\/pages\/163\/revisions"}],"predecessor-version":[{"id":168,"href":"https:\/\/projetosweb.art.br\/marcondigital\/wp-json\/wp\/v2\/pages\/163\/revisions\/168"}],"wp:attachment":[{"href":"https:\/\/projetosweb.art.br\/marcondigital\/wp-json\/wp\/v2\/media?parent=163"}],"curies":[{"name":"wp","href":"https:\/\/api.w.org\/{rel}","templated":true}]}}