{"id":127,"date":"2023-09-20T23:45:02","date_gmt":"2023-09-21T02:45:02","guid":{"rendered":"https:\/\/www.originalcertificadora.com.br\/?post_type=product&#038;p=127"},"modified":"2023-09-21T14:19:57","modified_gmt":"2023-09-21T17:19:57","slug":"e-cpf-a1","status":"publish","type":"product","link":"https:\/\/projetosweb.art.br\/marcondigital\/produto\/e-cpf-a1\/","title":{"rendered":"e-CPF A1"},"content":{"rendered":"<p><strong>Emiss\u00e3o do Certificado:<\/strong> Videoconfer\u00eancia<\/p>\n<p><strong>Validade:<\/strong> 1 ano<\/p>\n<p>Esse certificado digital \u00e9 um e-CPF A1. \u00c9 indicado para identificar uma pessoa f\u00edsica perante a Receita Federal e busca uma solu\u00e7\u00e3o completa para uso do certificado. IMPORTANTE: Esse certificado \u00e9 emitido e armazenado diretamente no computador do titular.<\/p>\n<p>\u00c9 ideal para pessoas que desejam um certificado que tenha facilidade de uso, menor custo e portabilidade, uma vez que instalado no computador, depende de sua seguran\u00e7a contra uso e c\u00f3pias indevidas.<\/p>\n","protected":false},"excerpt":{"rendered":"<p>Emiss\u00e3o do Certificado: Videoconfer\u00eancia Validade: 1 ano Esse certificado digital \u00e9 um e-CPF A1. \u00c9 indicado para identificar uma pessoa f\u00edsica perante a Receita Federal e<span class=\"excerpt-hellip\"> [\u2026]<\/span><\/p>\n","protected":false},"featured_media":345,"template":"","meta":[],"product_cat":[18],"product_tag":[],"_links":{"self":[{"href":"https:\/\/projetosweb.art.br\/marcondigital\/wp-json\/wp\/v2\/product\/127"}],"collection":[{"href":"https:\/\/projetosweb.art.br\/marcondigital\/wp-json\/wp\/v2\/product"}],"about":[{"href":"https:\/\/projetosweb.art.br\/marcondigital\/wp-json\/wp\/v2\/types\/product"}],"wp:featuredmedia":[{"embeddable":true,"href":"https:\/\/projetosweb.art.br\/marcondigital\/wp-json\/wp\/v2\/media\/345"}],"wp:attachment":[{"href":"https:\/\/projetosweb.art.br\/marcondigital\/wp-json\/wp\/v2\/media?parent=127"}],"wp:term":[{"taxonomy":"product_cat","embeddable":true,"href":"https:\/\/projetosweb.art.br\/marcondigital\/wp-json\/wp\/v2\/product_cat?post=127"},{"taxonomy":"product_tag","embeddable":true,"href":"https:\/\/projetosweb.art.br\/marcondigital\/wp-json\/wp\/v2\/product_tag?post=127"}],"curies":[{"name":"wp","href":"https:\/\/api.w.org\/{rel}","templated":true}]}}